{"id":28494,"date":"2026-01-17T19:24:20","date_gmt":"2026-01-17T19:24:20","guid":{"rendered":"https:\/\/padelhouse.lt\/about-us\/"},"modified":"2026-01-19T15:39:09","modified_gmt":"2026-01-19T15:39:09","slug":"about-us","status":"publish","type":"page","link":"https:\/\/padelhouse.lt\/en\/about-us\/","title":{"rendered":"About Us"},"content":{"rendered":"\t\t<div data-elementor-type=\"wp-page\" data-elementor-id=\"28494\" class=\"elementor elementor-28494 elementor-28215\" data-elementor-post-type=\"page\">\n\t\t\t\t\t\t<section class=\"elementor-section elementor-top-section elementor-element elementor-element-e3e5d86 elementor-section-boxed elementor-section-height-default elementor-section-height-default sc_fly_static\" data-id=\"e3e5d86\" data-element_type=\"section\">\n\t\t\t\t\t\t<div class=\"elementor-container elementor-column-gap-extended\">\n\t\t\t\t\t<div class=\"elementor-column elementor-col-100 elementor-top-column elementor-element elementor-element-08bee8e sc_inner_width_none sc_content_align_inherit sc_layouts_column_icons_position_left sc_fly_static\" data-id=\"08bee8e\" data-element_type=\"column\">\n\t\t\t<div class=\"elementor-widget-wrap elementor-element-populated\">\n\t\t\t\t\t\t<div class=\"elementor-element elementor-element-c6c9d17 sc_height_huge elementor-widget elementor-widget-spacer\" data-id=\"c6c9d17\" data-element_type=\"widget\" data-widget_type=\"spacer.default\">\n\t\t\t\t\t\t\t<div class=\"elementor-spacer\">\n\t\t\t<div class=\"elementor-spacer-inner\"><\/div>\n\t\t<\/div>\n\t\t\t\t\t\t<\/div>\n\t\t\t\t\t<\/div>\n\t\t<\/div>\n\t\t\t\t\t<\/div>\n\t\t<\/section>\n\t\t<div class=\"elementor-element elementor-element-29cbb16 e-flex e-con-boxed sc_inner_width_none sc_layouts_column_icons_position_left e-con e-parent\" data-id=\"29cbb16\" data-element_type=\"container\">\n\t\t\t\t\t<div class=\"e-con-inner\">\n\t\t<div class=\"elementor-element elementor-element-2f33c68 e-con-full e-flex sc_inner_width_none sc_layouts_column_icons_position_left e-con e-child\" data-id=\"2f33c68\" data-element_type=\"container\">\n\t\t\t\t<div class=\"elementor-element elementor-element-c5b1e01 no-title elementor-widget elementor-widget-image\" data-id=\"c5b1e01\" data-element_type=\"widget\" data-widget_type=\"image.default\">\n\t\t\t\t\t\t\t\t\t\t\t\t\t\t\t<img fetchpriority=\"high\" decoding=\"async\" width=\"2000\" height=\"1335\" src=\"https:\/\/padelhouse.lt\/wp-content\/uploads\/2024\/12\/DSCF7391.jpg\" class=\"attachment-full size-full wp-image-27214\" alt=\"\" srcset=\"https:\/\/padelhouse.lt\/wp-content\/uploads\/2024\/12\/DSCF7391.jpg 2000w, https:\/\/padelhouse.lt\/wp-content\/uploads\/2024\/12\/DSCF7391-300x200.jpg 300w, https:\/\/padelhouse.lt\/wp-content\/uploads\/2024\/12\/DSCF7391-1024x684.jpg 1024w, https:\/\/padelhouse.lt\/wp-content\/uploads\/2024\/12\/DSCF7391-768x513.jpg 768w, https:\/\/padelhouse.lt\/wp-content\/uploads\/2024\/12\/DSCF7391-1536x1025.jpg 1536w, https:\/\/padelhouse.lt\/wp-content\/uploads\/2024\/12\/DSCF7391-370x247.jpg 370w, https:\/\/padelhouse.lt\/wp-content\/uploads\/2024\/12\/DSCF7391-840x561.jpg 840w, https:\/\/padelhouse.lt\/wp-content\/uploads\/2024\/12\/DSCF7391-410x274.jpg 410w\" sizes=\"(max-width: 2000px) 100vw, 2000px\" \/>\t\t\t\t\t\t\t\t\t\t\t\t\t\t\t<\/div>\n\t\t\t\t<\/div>\n\t\t<div class=\"elementor-element elementor-element-c16bf36 e-con-full e-flex sc_inner_width_none sc_layouts_column_icons_position_left e-con e-child\" data-id=\"c16bf36\" data-element_type=\"container\">\n\t\t\t\t<div class=\"elementor-element elementor-element-159f0a8 sc_fly_static elementor-widget elementor-widget-trx_sc_title\" data-id=\"159f0a8\" data-element_type=\"widget\" data-widget_type=\"trx_sc_title.default\">\n\t\t\t\t<div class=\"elementor-widget-container\">\n\t\t\t\t\t<div\t\tclass=\"sc_title sc_title_default\" ><h1 class=\"sc_item_title sc_title_title sc_item_title_style_default sc_item_title_tag\"\n\t\t\t><span class=\"sc_item_title_text\">About us<\/span><\/h1><\/div>\t\t\t\t<\/div>\n\t\t\t\t<\/div>\n\t\t\t\t<div class=\"elementor-element elementor-element-49dba15 elementor-widget elementor-widget-text-editor\" data-id=\"49dba15\" data-element_type=\"widget\" data-widget_type=\"text-editor.default\">\n\t\t\t\t\t\t\t\t\t<p><span lang=\"lt\">PadelHouse is a three-court<\/span> autonomous padel club in Kaunas, \u017demieji \u0160an\u010diai, on the bank of Nemunas river.<\/p><p style=\"font-weight: 400;\">It&#8217;s our family business, born out of a passion for padel. We are delighted that we have been able to implement this project in our home neighborhood.<\/p><p>We have taken great care in selecting the manufacturer of the courts, so that they meet all the world&#8217;s standards and are of the highest quality down to the smallest detail.<\/p>\t\t\t\t\t\t\t\t<\/div>\n\t\t\t\t<\/div>\n\t\t\t\t\t<\/div>\n\t\t\t\t<\/div>\n\t\t<div class=\"elementor-element elementor-element-dadd210 scheme_default sc-mobile_inner_width_none e-flex e-con-boxed sc_inner_width_none sc_layouts_column_icons_position_left e-con e-parent\" data-id=\"dadd210\" data-element_type=\"container\">\n\t\t\t\t\t<div class=\"e-con-inner\">\n\t\t<div class=\"elementor-element elementor-element-40da990 e-con-full e-flex sc_inner_width_none sc_layouts_column_icons_position_left e-con e-child\" data-id=\"40da990\" data-element_type=\"container\">\n\t\t\t\t<div class=\"elementor-element elementor-element-17cbaea elementor-widget elementor-widget-text-editor\" data-id=\"17cbaea\" data-element_type=\"widget\" data-widget_type=\"text-editor.default\">\n\t\t\t\t\t\t\t\t\t<p>On the second floor there are changing rooms with saunas, traditional sauna for men and an infrared sauna for women. Both with a view to the courts. <\/p><p>On the ground floor, we have built a lounge area for up to 30 people. <\/p><p style=\"font-weight: 400;\">PadelHouse is staffed by professional, attentive coaches who provide introductory, group and game padel lessons for beginner and advanced players, adults and children.<\/p><p>For players&#8217; convenience, we have a self-service bar with a variety of drinks in the fridge, a coffee machine and a few snacks.<\/p>\t\t\t\t\t\t\t\t<\/div>\n\t\t\t\t<\/div>\n\t\t<div class=\"elementor-element elementor-element-1084d82 e-con-full e-flex sc_inner_width_none sc_layouts_column_icons_position_left e-con e-child\" data-id=\"1084d82\" data-element_type=\"container\">\n\t\t\t\t<div class=\"elementor-element elementor-element-4a2aeed no-title elementor-widget elementor-widget-image\" data-id=\"4a2aeed\" data-element_type=\"widget\" data-widget_type=\"image.default\">\n\t\t\t\t\t\t\t\t\t\t\t\t\t\t\t<img decoding=\"async\" width=\"2560\" height=\"1920\" src=\"https:\/\/padelhouse.lt\/wp-content\/uploads\/2024\/11\/20241112_085038-1-scaled-e1768676753337.jpg\" class=\"attachment-full size-full wp-image-27145\" alt=\"\" \/>\t\t\t\t\t\t\t\t\t\t\t\t\t\t\t<\/div>\n\t\t\t\t<\/div>\n\t\t\t\t\t<\/div>\n\t\t\t\t<\/div>\n\t\t<div class=\"elementor-element elementor-element-9c25421 e-flex e-con-boxed sc_inner_width_none sc_layouts_column_icons_position_left e-con e-parent\" data-id=\"9c25421\" data-element_type=\"container\">\n\t\t\t\t\t<div class=\"e-con-inner\">\n\t\t<div class=\"elementor-element elementor-element-52420e3 e-con-full e-flex sc_inner_width_none sc_layouts_column_icons_position_left e-con e-child\" data-id=\"52420e3\" data-element_type=\"container\">\n\t\t\t\t<div class=\"elementor-element elementor-element-cea37de no-title elementor-widget elementor-widget-image\" data-id=\"cea37de\" data-element_type=\"widget\" data-widget_type=\"image.default\">\n\t\t\t\t\t\t\t\t\t\t\t\t\t\t\t<img decoding=\"async\" width=\"2560\" height=\"1707\" src=\"https:\/\/padelhouse.lt\/wp-content\/uploads\/2024\/10\/IMG_0197-scaled.jpg\" class=\"attachment-full size-full wp-image-26922\" alt=\"\" srcset=\"https:\/\/padelhouse.lt\/wp-content\/uploads\/2024\/10\/IMG_0197-scaled.jpg 2560w, https:\/\/padelhouse.lt\/wp-content\/uploads\/2024\/10\/IMG_0197-300x200.jpg 300w, https:\/\/padelhouse.lt\/wp-content\/uploads\/2024\/10\/IMG_0197-1024x683.jpg 1024w, https:\/\/padelhouse.lt\/wp-content\/uploads\/2024\/10\/IMG_0197-768x512.jpg 768w, https:\/\/padelhouse.lt\/wp-content\/uploads\/2024\/10\/IMG_0197-1536x1024.jpg 1536w, https:\/\/padelhouse.lt\/wp-content\/uploads\/2024\/10\/IMG_0197-2048x1365.jpg 2048w, https:\/\/padelhouse.lt\/wp-content\/uploads\/2024\/10\/IMG_0197-370x247.jpg 370w, https:\/\/padelhouse.lt\/wp-content\/uploads\/2024\/10\/IMG_0197-840x560.jpg 840w, https:\/\/padelhouse.lt\/wp-content\/uploads\/2024\/10\/IMG_0197-410x273.jpg 410w\" sizes=\"(max-width: 2560px) 100vw, 2560px\" \/>\t\t\t\t\t\t\t\t\t\t\t\t\t\t\t<\/div>\n\t\t\t\t<\/div>\n\t\t<div class=\"elementor-element elementor-element-e767d82 e-con-full e-flex sc_inner_width_none sc_layouts_column_icons_position_left e-con e-child\" data-id=\"e767d82\" data-element_type=\"container\">\n\t\t\t\t<div class=\"elementor-element elementor-element-56da2e2 elementor-widget elementor-widget-text-editor\" data-id=\"56da2e2\" data-element_type=\"widget\" data-widget_type=\"text-editor.default\">\n\t\t\t\t\t\t\t\t\t<p style=\"font-weight: 400;\">On weekdays, professional coaches are available at PadelHouse, and they also run group lessons for children.<\/p><p style=\"font-weight: 400;\">The compactness of the spaces has helped us create a cosy atmosphere &#8211; everyone can feel at home here. &#8220;I unlock the door, come in, make a cup of coffee, change, and go play.&#8221; Every player here is a host.<\/p><p style=\"font-weight: 400;\">PadelHouse is a popular place for players to host their private parties, birthdays, team-building and company parties. 2 hours of gameplay, sauna and lounge area \u2013 a popular format for a visit.<\/p>\t\t\t\t\t\t\t\t<\/div>\n\t\t\t\t<\/div>\n\t\t\t\t\t<\/div>\n\t\t\t\t<\/div>\n\t\t<div class=\"elementor-element elementor-element-4912b97 scheme_default sc-mobile_inner_width_none e-flex e-con-boxed sc_inner_width_none sc_layouts_column_icons_position_left e-con e-parent\" data-id=\"4912b97\" data-element_type=\"container\">\n\t\t\t\t\t<div class=\"e-con-inner\">\n\t\t<div class=\"elementor-element elementor-element-6794779 e-con-full e-flex sc_inner_width_none sc_layouts_column_icons_position_left e-con e-child\" data-id=\"6794779\" data-element_type=\"container\">\n\t\t\t\t<div class=\"elementor-element elementor-element-7319edf elementor-widget elementor-widget-text-editor\" data-id=\"7319edf\" data-element_type=\"widget\" data-widget_type=\"text-editor.default\">\n\t\t\t\t\t\t\t\t\t<p>Our club is all about leisure padel, so on weekends we organise friendly tournaments\/games at different levels &#8211; no places, no prizes, just fun time with like-minded people.<\/p><p>PadelHouse is more than a business to us. Our community has become very close to us. That&#8217;s why we work for it every day, to make everyone feel good and find what they are looking for. That&#8217;s why you&#8217;ll always hear the voice of one of us when you call the number below.<\/p><p>We look forward to seeing you at PadelHouse!<\/p><p style=\"font-weight: 400;\">If you want to start playing &#8211; give us a call! \ud83c\udfbe <a href=\"tel:+37068604008\">+37068604008<\/a><\/p>\t\t\t\t\t\t\t\t<\/div>\n\t\t\t\t<\/div>\n\t\t<div class=\"elementor-element elementor-element-558e485 e-con-full e-flex sc_inner_width_none sc_layouts_column_icons_position_left e-con e-child\" data-id=\"558e485\" data-element_type=\"container\">\n\t\t\t\t<div class=\"elementor-element elementor-element-9c49f12 no-title elementor-widget elementor-widget-image\" data-id=\"9c49f12\" data-element_type=\"widget\" data-widget_type=\"image.default\">\n\t\t\t\t\t\t\t\t\t\t\t\t\t\t\t<img loading=\"lazy\" decoding=\"async\" width=\"1920\" height=\"1280\" src=\"https:\/\/padelhouse.lt\/wp-content\/uploads\/2026\/01\/DSCF6864-Enhanced-NR.jpg\" class=\"attachment-full size-full wp-image-28477\" alt=\"\" srcset=\"https:\/\/padelhouse.lt\/wp-content\/uploads\/2026\/01\/DSCF6864-Enhanced-NR.jpg 1920w, https:\/\/padelhouse.lt\/wp-content\/uploads\/2026\/01\/DSCF6864-Enhanced-NR-300x200.jpg 300w, https:\/\/padelhouse.lt\/wp-content\/uploads\/2026\/01\/DSCF6864-Enhanced-NR-1024x683.jpg 1024w, https:\/\/padelhouse.lt\/wp-content\/uploads\/2026\/01\/DSCF6864-Enhanced-NR-768x512.jpg 768w, https:\/\/padelhouse.lt\/wp-content\/uploads\/2026\/01\/DSCF6864-Enhanced-NR-1536x1024.jpg 1536w, https:\/\/padelhouse.lt\/wp-content\/uploads\/2026\/01\/DSCF6864-Enhanced-NR-370x247.jpg 370w, https:\/\/padelhouse.lt\/wp-content\/uploads\/2026\/01\/DSCF6864-Enhanced-NR-840x560.jpg 840w, https:\/\/padelhouse.lt\/wp-content\/uploads\/2026\/01\/DSCF6864-Enhanced-NR-410x273.jpg 410w\" sizes=\"(max-width: 1920px) 100vw, 1920px\" \/>\t\t\t\t\t\t\t\t\t\t\t\t\t\t\t<\/div>\n\t\t\t\t<\/div>\n\t\t\t\t\t<\/div>\n\t\t\t\t<\/div>\n\t\t<div class=\"elementor-element elementor-element-09e4afb e-flex e-con-boxed sc_inner_width_none sc_layouts_column_icons_position_left e-con e-parent\" data-id=\"09e4afb\" data-element_type=\"container\" data-settings=\"{&quot;background_background&quot;:&quot;classic&quot;}\">\n\t\t\t\t\t<div class=\"e-con-inner\">\n\t\t<div class=\"elementor-element elementor-element-1d176ae e-con-full e-flex sc_inner_width_none sc_layouts_column_icons_position_left e-con e-child\" data-id=\"1d176ae\" data-element_type=\"container\" data-settings=\"{&quot;background_background&quot;:&quot;classic&quot;}\">\n\t\t\t\t<div class=\"elementor-element elementor-element-f792eb9 gallery-spacing-custom elementor-widget elementor-widget-image-gallery\" data-id=\"f792eb9\" data-element_type=\"widget\" data-widget_type=\"image-gallery.default\">\n\t\t\t\t\t\t\t<div class=\"elementor-image-gallery\">\n\t\t\t<div id='gallery-1' class='gallery galleryid-28494 gallery-columns-4 gallery-size-trx_addons-thumb-avatar'><figure class='gallery-item'>\n\t\t\t<div class='gallery-icon landscape'>\n\t\t\t\t<a data-elementor-open-lightbox=\"no\" href='https:\/\/padelhouse.lt\/wp-content\/uploads\/2024\/10\/IMG_0178-scaled.jpg'><img loading=\"lazy\" decoding=\"async\" width=\"370\" height=\"370\" src=\"https:\/\/padelhouse.lt\/wp-content\/uploads\/2024\/10\/IMG_0178-370x370.jpg\" class=\"attachment-trx_addons-thumb-avatar size-trx_addons-thumb-avatar\" alt=\"\" srcset=\"https:\/\/padelhouse.lt\/wp-content\/uploads\/2024\/10\/IMG_0178-370x370.jpg 370w, https:\/\/padelhouse.lt\/wp-content\/uploads\/2024\/10\/IMG_0178-150x150.jpg 150w, https:\/\/padelhouse.lt\/wp-content\/uploads\/2024\/10\/IMG_0178-120x120.jpg 120w\" sizes=\"(max-width: 600px) 100vw, 370px\" \/><\/a>\n\t\t\t<\/div><\/figure><figure class='gallery-item'>\n\t\t\t<div class='gallery-icon landscape'>\n\t\t\t\t<a data-elementor-open-lightbox=\"no\" href='https:\/\/padelhouse.lt\/wp-content\/uploads\/2024\/10\/IMG_0197-scaled.jpg'><img loading=\"lazy\" decoding=\"async\" width=\"370\" height=\"370\" src=\"https:\/\/padelhouse.lt\/wp-content\/uploads\/2024\/10\/IMG_0197-370x370.jpg\" class=\"attachment-trx_addons-thumb-avatar size-trx_addons-thumb-avatar\" alt=\"\" srcset=\"https:\/\/padelhouse.lt\/wp-content\/uploads\/2024\/10\/IMG_0197-370x370.jpg 370w, https:\/\/padelhouse.lt\/wp-content\/uploads\/2024\/10\/IMG_0197-150x150.jpg 150w, https:\/\/padelhouse.lt\/wp-content\/uploads\/2024\/10\/IMG_0197-120x120.jpg 120w\" sizes=\"(max-width: 600px) 100vw, 370px\" \/><\/a>\n\t\t\t<\/div><\/figure><figure class='gallery-item'>\n\t\t\t<div class='gallery-icon landscape'>\n\t\t\t\t<a data-elementor-open-lightbox=\"no\" href='https:\/\/padelhouse.lt\/wp-content\/uploads\/2024\/10\/IMG_0187-scaled.jpg'><img loading=\"lazy\" decoding=\"async\" width=\"370\" height=\"370\" src=\"https:\/\/padelhouse.lt\/wp-content\/uploads\/2024\/10\/IMG_0187-370x370.jpg\" class=\"attachment-trx_addons-thumb-avatar size-trx_addons-thumb-avatar\" alt=\"\" srcset=\"https:\/\/padelhouse.lt\/wp-content\/uploads\/2024\/10\/IMG_0187-370x370.jpg 370w, https:\/\/padelhouse.lt\/wp-content\/uploads\/2024\/10\/IMG_0187-150x150.jpg 150w, https:\/\/padelhouse.lt\/wp-content\/uploads\/2024\/10\/IMG_0187-120x120.jpg 120w\" sizes=\"(max-width: 600px) 100vw, 370px\" \/><\/a>\n\t\t\t<\/div><\/figure><figure class='gallery-item'>\n\t\t\t<div class='gallery-icon landscape'>\n\t\t\t\t<a data-elementor-open-lightbox=\"no\" href='https:\/\/padelhouse.lt\/wp-content\/uploads\/2024\/10\/IMG_0184-2-scaled.jpg'><img loading=\"lazy\" decoding=\"async\" width=\"370\" height=\"370\" src=\"https:\/\/padelhouse.lt\/wp-content\/uploads\/2024\/10\/IMG_0184-2-370x370.jpg\" class=\"attachment-trx_addons-thumb-avatar size-trx_addons-thumb-avatar\" alt=\"\" srcset=\"https:\/\/padelhouse.lt\/wp-content\/uploads\/2024\/10\/IMG_0184-2-370x370.jpg 370w, https:\/\/padelhouse.lt\/wp-content\/uploads\/2024\/10\/IMG_0184-2-150x150.jpg 150w, https:\/\/padelhouse.lt\/wp-content\/uploads\/2024\/10\/IMG_0184-2-120x120.jpg 120w\" sizes=\"(max-width: 600px) 100vw, 370px\" \/><\/a>\n\t\t\t<\/div><\/figure><figure class='gallery-item'>\n\t\t\t<div class='gallery-icon landscape'>\n\t\t\t\t<a data-elementor-open-lightbox=\"no\" href='https:\/\/padelhouse.lt\/wp-content\/uploads\/2024\/10\/IMG_0167-scaled.jpg'><img loading=\"lazy\" decoding=\"async\" width=\"370\" height=\"370\" src=\"https:\/\/padelhouse.lt\/wp-content\/uploads\/2024\/10\/IMG_0167-370x370.jpg\" class=\"attachment-trx_addons-thumb-avatar size-trx_addons-thumb-avatar\" alt=\"\" srcset=\"https:\/\/padelhouse.lt\/wp-content\/uploads\/2024\/10\/IMG_0167-370x370.jpg 370w, https:\/\/padelhouse.lt\/wp-content\/uploads\/2024\/10\/IMG_0167-150x150.jpg 150w, https:\/\/padelhouse.lt\/wp-content\/uploads\/2024\/10\/IMG_0167-120x120.jpg 120w\" sizes=\"(max-width: 600px) 100vw, 370px\" \/><\/a>\n\t\t\t<\/div><\/figure><figure class='gallery-item'>\n\t\t\t<div class='gallery-icon portrait'>\n\t\t\t\t<a data-elementor-open-lightbox=\"no\" href='https:\/\/padelhouse.lt\/wp-content\/uploads\/2024\/10\/IMG_0151-2-scaled.jpg'><img loading=\"lazy\" decoding=\"async\" width=\"370\" height=\"370\" src=\"https:\/\/padelhouse.lt\/wp-content\/uploads\/2024\/10\/IMG_0151-2-370x370.jpg\" class=\"attachment-trx_addons-thumb-avatar size-trx_addons-thumb-avatar\" alt=\"\" srcset=\"https:\/\/padelhouse.lt\/wp-content\/uploads\/2024\/10\/IMG_0151-2-370x370.jpg 370w, https:\/\/padelhouse.lt\/wp-content\/uploads\/2024\/10\/IMG_0151-2-150x150.jpg 150w, https:\/\/padelhouse.lt\/wp-content\/uploads\/2024\/10\/IMG_0151-2-120x120.jpg 120w\" sizes=\"(max-width: 600px) 100vw, 370px\" \/><\/a>\n\t\t\t<\/div><\/figure><figure class='gallery-item'>\n\t\t\t<div class='gallery-icon landscape'>\n\t\t\t\t<a data-elementor-open-lightbox=\"no\" href='https:\/\/padelhouse.lt\/wp-content\/uploads\/2024\/10\/IMG_0193-scaled.jpg'><img loading=\"lazy\" decoding=\"async\" width=\"370\" height=\"370\" src=\"https:\/\/padelhouse.lt\/wp-content\/uploads\/2024\/10\/IMG_0193-370x370.jpg\" class=\"attachment-trx_addons-thumb-avatar size-trx_addons-thumb-avatar\" alt=\"\" srcset=\"https:\/\/padelhouse.lt\/wp-content\/uploads\/2024\/10\/IMG_0193-370x370.jpg 370w, https:\/\/padelhouse.lt\/wp-content\/uploads\/2024\/10\/IMG_0193-150x150.jpg 150w, https:\/\/padelhouse.lt\/wp-content\/uploads\/2024\/10\/IMG_0193-120x120.jpg 120w\" sizes=\"(max-width: 600px) 100vw, 370px\" \/><\/a>\n\t\t\t<\/div><\/figure><figure class='gallery-item'>\n\t\t\t<div class='gallery-icon landscape'>\n\t\t\t\t<a data-elementor-open-lightbox=\"no\" href='https:\/\/padelhouse.lt\/wp-content\/uploads\/2024\/10\/IMG_0214-scaled.jpg'><img loading=\"lazy\" decoding=\"async\" width=\"370\" height=\"370\" src=\"https:\/\/padelhouse.lt\/wp-content\/uploads\/2024\/10\/IMG_0214-370x370.jpg\" class=\"attachment-trx_addons-thumb-avatar size-trx_addons-thumb-avatar\" alt=\"\" srcset=\"https:\/\/padelhouse.lt\/wp-content\/uploads\/2024\/10\/IMG_0214-370x370.jpg 370w, https:\/\/padelhouse.lt\/wp-content\/uploads\/2024\/10\/IMG_0214-150x150.jpg 150w, https:\/\/padelhouse.lt\/wp-content\/uploads\/2024\/10\/IMG_0214-120x120.jpg 120w\" sizes=\"(max-width: 600px) 100vw, 370px\" \/><\/a>\n\t\t\t<\/div><\/figure>\n\t\t<\/div>\n\t\t<\/div>\n\t\t\t\t\t\t<\/div>\n\t\t\t\t<\/div>\n\t\t\t\t\t<\/div>\n\t\t\t\t<\/div>\n\t\t<div class=\"e-con-gap-no elementor-element elementor-element-873f5c2 e-flex e-con-boxed sc_inner_width_none sc_layouts_column_icons_position_left e-con e-parent\" data-id=\"873f5c2\" data-element_type=\"container\">\n\t\t\t\t\t<div class=\"e-con-inner\">\n\t\t\t\t\t<\/div>\n\t\t\t\t<\/div>\n\t\t\t\t<\/div>\n\t\t","protected":false},"excerpt":{"rendered":"<p>About us PadelHouse is a three-court autonomous padel club in Kaunas, \u017demieji \u0160an\u010diai, on the bank of Nemunas river. It&#8217;s our family business, born out of a passion for padel.&hellip;<\/p>\n","protected":false},"author":1,"featured_media":0,"parent":0,"menu_order":0,"comment_status":"closed","ping_status":"closed","template":"","meta":{"footnotes":""},"class_list":["post-28494","page","type-page","status-publish","hentry"],"_links":{"self":[{"href":"https:\/\/padelhouse.lt\/en\/wp-json\/wp\/v2\/pages\/28494","targetHints":{"allow":["GET"]}}],"collection":[{"href":"https:\/\/padelhouse.lt\/en\/wp-json\/wp\/v2\/pages"}],"about":[{"href":"https:\/\/padelhouse.lt\/en\/wp-json\/wp\/v2\/types\/page"}],"author":[{"embeddable":true,"href":"https:\/\/padelhouse.lt\/en\/wp-json\/wp\/v2\/users\/1"}],"replies":[{"embeddable":true,"href":"https:\/\/padelhouse.lt\/en\/wp-json\/wp\/v2\/comments?post=28494"}],"version-history":[{"count":10,"href":"https:\/\/padelhouse.lt\/en\/wp-json\/wp\/v2\/pages\/28494\/revisions"}],"predecessor-version":[{"id":28505,"href":"https:\/\/padelhouse.lt\/en\/wp-json\/wp\/v2\/pages\/28494\/revisions\/28505"}],"wp:attachment":[{"href":"https:\/\/padelhouse.lt\/en\/wp-json\/wp\/v2\/media?parent=28494"}],"curies":[{"name":"wp","href":"https:\/\/api.w.org\/{rel}","templated":true}]}}